{"id":5001,"date":"2022-02-20T23:27:48","date_gmt":"2022-02-20T20:27:48","guid":{"rendered":"https:\/\/lisayachting.com.tr\/gulet\/"},"modified":"2022-02-28T14:58:21","modified_gmt":"2022-02-28T11:58:21","slug":"gulet","status":"publish","type":"page","link":"https:\/\/lisayachting.com.tr\/en\/gulet\/","title":{"rendered":"Gulet"},"content":{"rendered":"\t\t<div data-elementor-type=\"wp-page\" data-elementor-id=\"5001\" class=\"elementor elementor-5001 elementor-2540\" data-elementor-post-type=\"page\">\n\t\t\t\t\t\t<section class=\"elementor-section elementor-top-section elementor-element elementor-element-e6402c6 elementor-section-full_width elementor-section-height-min-height elementor-section-height-default elementor-section-items-middle\" data-id=\"e6402c6\" data-element_type=\"section\" data-settings=\"{&quot;background_background&quot;:&quot;slideshow&quot;,&quot;background_slideshow_gallery&quot;:[{&quot;id&quot;:2115,&quot;url&quot;:&quot;http:\\\/\\\/lisayachting.com.tr\\\/wp-content\\\/smush-webp\\\/2022\\\/02\\\/slider2-2.jpg.webp&quot;}],&quot;background_slideshow_loop&quot;:&quot;yes&quot;,&quot;background_slideshow_slide_duration&quot;:5000,&quot;background_slideshow_slide_transition&quot;:&quot;fade&quot;,&quot;background_slideshow_transition_duration&quot;:500}\">\n\t\t\t\t\t\t<div class=\"elementor-container elementor-column-gap-default\">\n\t\t\t\t\t<div class=\"elementor-column elementor-col-100 elementor-top-column elementor-element elementor-element-287c15d\" data-id=\"287c15d\" data-element_type=\"column\">\n\t\t\t<div class=\"elementor-widget-wrap elementor-element-populated\">\n\t\t\t\t\t\t<div class=\"elementor-element elementor-element-98a3566 elementor-widget elementor-widget-theme-post-title elementor-page-title elementor-widget-heading\" data-id=\"98a3566\" data-element_type=\"widget\" data-widget_type=\"theme-post-title.default\">\n\t\t\t\t<div class=\"elementor-widget-container\">\n\t\t\t\t\t<h1 class=\"elementor-heading-title elementor-size-default\">Gulet<\/h1>\t\t\t\t<\/div>\n\t\t\t\t<\/div>\n\t\t\t\t\t<\/div>\n\t\t<\/div>\n\t\t\t\t\t<\/div>\n\t\t<\/section>\n\t\t\t\t<section class=\"elementor-section elementor-top-section elementor-element elementor-element-054ea04 elementor-section-full_width elementor-section-height-default elementor-section-height-default\" data-id=\"054ea04\" data-element_type=\"section\">\n\t\t\t\t\t\t<div class=\"elementor-container elementor-column-gap-default\">\n\t\t\t\t\t<div class=\"elementor-column elementor-col-33 elementor-top-column elementor-element elementor-element-bd1963d\" data-id=\"bd1963d\" data-element_type=\"column\">\n\t\t\t<div class=\"elementor-widget-wrap elementor-element-populated\">\n\t\t\t\t\t\t<div class=\"elementor-element elementor-element-a9417cb elementor-widget elementor-widget-text-editor\" data-id=\"a9417cb\" data-element_type=\"widget\" data-widget_type=\"text-editor.default\">\n\t\t\t\t<div class=\"elementor-widget-container\">\n\t\t\t\t\t\t\t\t\t\r\n\r\n\r\n\r\n            <div data-slug=\"\" \r\n                 class=\"woof woof_sid woof_sid_woof_auto_1_columns \" \r\n                                      data-sid=\"woof_auto_1_columns\"\r\n                  \r\n                 data-shortcode=\"woof mobile_mode=&#039;1&#039; sid=&#039;woof_auto_1_columns&#039; \" \r\n                 data-redirect=\"\" \r\n                 data-autosubmit=\"1\" \r\n                 data-ajax-redraw=\"0\"\r\n                 >\r\n                                     \r\n                \t\r\n                <!--- here is possible to drop html code which is never redraws by AJAX ---->\r\n                \r\n                <div class=\"woof_redraw_zone\" data-woof-ver=\"3.3.7.1\" data-icheck-skin=\"minimal_orange\">\r\n                                        \r\n                                            \r\n                \r\n\r\n                \r\n\r\n                                \r\n                        <div data-css-class=\"woof_container_pa_bolge\" class=\"woof_container woof_container_radio woof_container_pa_bolge woof_container_1 woof_container_blge  woof_fs_pa_bolge \">\r\n            <div class=\"woof_container_overlay_item\"><\/div>\r\n            <div class=\"woof_container_inner woof_container_inner_blge\">\r\n                                                <h4>\r\n                                B\u00f6lge                                                                                                <\/h4>\r\n                                \r\n                            <div class=\"woof_block_html_items\" >\r\n\r\n                                \n\n<ul class=\"woof_list woof_list_radio\">\n                                            <li class=\"woof_term_151 \">\n                <input type=\"radio\"  id=\"woof_151_69d160cd949d8\" \n\t\t\t\t\t   class=\"woof_radio_term woof_radio_term_151\" \n\t\t\t\t\t   data-slug=\"bodrum-en\" \n\t\t\t\t\t   data-term-id=\"151\" \n\t\t\t\t\t   name=\"pa_bolge\" \n\t\t\t\t\t   value=\"151\"  \/>\n                <label   class=\"woof_radio_label \" for=\"woof_151_69d160cd949d8\">Bodrum<\/label>\n\n                <a rel=\"nofollow\" href=\"#\" data-name=\"pa_bolge\" data-term-id=\"151\" style=\"display: none;\" class=\"woof_radio_term_reset   woof_radio_term_reset_151\">\n                    <img decoding=\"async\" data-src=\"https:\/\/lisayachting.com.tr\/wp-content\/plugins\/woocommerce-products-filter\/img\/delete.png\" height=\"12\" width=\"12\" alt=\"Delete\" src=\"data:image\/svg+xml;base64,PHN2ZyB3aWR0aD0iMSIgaGVpZ2h0PSIxIiB4bWxucz0iaHR0cDovL3d3dy53My5vcmcvMjAwMC9zdmciPjwvc3ZnPg==\" class=\"lazyload\" style=\"--smush-placeholder-width: 12px; --smush-placeholder-aspect-ratio: 12\/12;\" \/>\n                <\/a>\n\n                            <input type=\"hidden\" value=\"Bodrum\" data-anchor=\"woof_n_pa_bolge_bodrum-en\" \/>\n\n            <\/li>\n                                    <li class=\"woof_term_133 \">\n                <input type=\"radio\"  id=\"woof_133_69d160cd94a01\" \n\t\t\t\t\t   class=\"woof_radio_term woof_radio_term_133\" \n\t\t\t\t\t   data-slug=\"fethiye-en\" \n\t\t\t\t\t   data-term-id=\"133\" \n\t\t\t\t\t   name=\"pa_bolge\" \n\t\t\t\t\t   value=\"133\"  \/>\n                <label   class=\"woof_radio_label \" for=\"woof_133_69d160cd94a01\">Fethiye<\/label>\n\n                <a rel=\"nofollow\" href=\"#\" data-name=\"pa_bolge\" data-term-id=\"133\" style=\"display: none;\" class=\"woof_radio_term_reset   woof_radio_term_reset_133\">\n                    <img decoding=\"async\" data-src=\"https:\/\/lisayachting.com.tr\/wp-content\/plugins\/woocommerce-products-filter\/img\/delete.png\" height=\"12\" width=\"12\" alt=\"Delete\" src=\"data:image\/svg+xml;base64,PHN2ZyB3aWR0aD0iMSIgaGVpZ2h0PSIxIiB4bWxucz0iaHR0cDovL3d3dy53My5vcmcvMjAwMC9zdmciPjwvc3ZnPg==\" class=\"lazyload\" style=\"--smush-placeholder-width: 12px; --smush-placeholder-aspect-ratio: 12\/12;\" \/>\n                <\/a>\n\n                            <input type=\"hidden\" value=\"Fethiye\" data-anchor=\"woof_n_pa_bolge_fethiye-en\" \/>\n\n            <\/li>\n                                    <li class=\"woof_term_159 \">\n                <input type=\"radio\"  id=\"woof_159_69d160cd94a19\" \n\t\t\t\t\t   class=\"woof_radio_term woof_radio_term_159\" \n\t\t\t\t\t   data-slug=\"gocek-en\" \n\t\t\t\t\t   data-term-id=\"159\" \n\t\t\t\t\t   name=\"pa_bolge\" \n\t\t\t\t\t   value=\"159\"  \/>\n                <label   class=\"woof_radio_label \" for=\"woof_159_69d160cd94a19\">G\u00f6cek<\/label>\n\n                <a rel=\"nofollow\" href=\"#\" data-name=\"pa_bolge\" data-term-id=\"159\" style=\"display: none;\" class=\"woof_radio_term_reset   woof_radio_term_reset_159\">\n                    <img decoding=\"async\" data-src=\"https:\/\/lisayachting.com.tr\/wp-content\/plugins\/woocommerce-products-filter\/img\/delete.png\" height=\"12\" width=\"12\" alt=\"Delete\" src=\"data:image\/svg+xml;base64,PHN2ZyB3aWR0aD0iMSIgaGVpZ2h0PSIxIiB4bWxucz0iaHR0cDovL3d3dy53My5vcmcvMjAwMC9zdmciPjwvc3ZnPg==\" class=\"lazyload\" style=\"--smush-placeholder-width: 12px; --smush-placeholder-aspect-ratio: 12\/12;\" \/>\n                <\/a>\n\n                            <input type=\"hidden\" value=\"G\u00f6cek\" data-anchor=\"woof_n_pa_bolge_gocek-en\" \/>\n\n            <\/li>\n                                    <li class=\"woof_term_154 \">\n                <input type=\"radio\"  id=\"woof_154_69d160cd94a2f\" \n\t\t\t\t\t   class=\"woof_radio_term woof_radio_term_154\" \n\t\t\t\t\t   data-slug=\"marmaris-en\" \n\t\t\t\t\t   data-term-id=\"154\" \n\t\t\t\t\t   name=\"pa_bolge\" \n\t\t\t\t\t   value=\"154\"  \/>\n                <label   class=\"woof_radio_label \" for=\"woof_154_69d160cd94a2f\">Marmaris<\/label>\n\n                <a rel=\"nofollow\" href=\"#\" data-name=\"pa_bolge\" data-term-id=\"154\" style=\"display: none;\" class=\"woof_radio_term_reset   woof_radio_term_reset_154\">\n                    <img decoding=\"async\" data-src=\"https:\/\/lisayachting.com.tr\/wp-content\/plugins\/woocommerce-products-filter\/img\/delete.png\" height=\"12\" width=\"12\" alt=\"Delete\" src=\"data:image\/svg+xml;base64,PHN2ZyB3aWR0aD0iMSIgaGVpZ2h0PSIxIiB4bWxucz0iaHR0cDovL3d3dy53My5vcmcvMjAwMC9zdmciPjwvc3ZnPg==\" class=\"lazyload\" style=\"--smush-placeholder-width: 12px; --smush-placeholder-aspect-ratio: 12\/12;\" \/>\n                <\/a>\n\n                            <input type=\"hidden\" value=\"Marmaris\" data-anchor=\"woof_n_pa_bolge_marmaris-en\" \/>\n\n            <\/li>\n            \n        <\/ul>\n            \r\n                            <\/div>\r\n                            \r\n                                    <input type=\"hidden\" name=\"woof_t_pa_bolge\" value=\"Product B\u00f6lge\" \/><!-- for red button search nav panel -->\r\n                            <\/div>\r\n        <\/div>\r\n                <div data-css-class=\"woof_container_pa_kisi-sayisi-kategori\" class=\"woof_container woof_container_checkbox woof_container_pa_kisi-sayisi-kategori woof_container_2 woof_container_kiisays  woof_fs_pa_kisi-sayisi-kategori \">\r\n            <div class=\"woof_container_overlay_item\"><\/div>\r\n            <div class=\"woof_container_inner woof_container_inner_kiisays\">\r\n                                                <h4>\r\n                                Ki\u015fi Say\u0131s\u0131                                                                                                <\/h4>\r\n                                                            <div class=\"woof_block_html_items\" >\r\n                                <ul class=\"woof_list woof_list_checkbox\">\r\n                                \r\n\r\n\r\n            <li class=\"woof_term_140 \" >\r\n                <input type=\"checkbox\"  \r\n\t\t\t\t\t   id=\"woof_140_69d160cd94bd3\" \r\n\t\t\t\t\t   class=\"woof_checkbox_term woof_checkbox_term_140\" \r\n\t\t\t\t\t   data-tax=\"pa_kisi-sayisi-kategori\" \r\n\t\t\t\t\t   name=\"1-12-en\" \r\n\t\t\t\t\t   data-term-id=\"140\" \r\n\t\t\t\t\t   value=\"140\"  \/>\r\n                <label   class=\"woof_checkbox_label \" for=\"woof_140_69d160cd94bd3\">1-12<\/label>\r\n                            <input type=\"hidden\" value=\"1-12\" data-anchor=\"woof_n_pa_kisi-sayisi-kategori_1-12-en\" \/>\r\n\r\n            <\/li>\r\n\r\n\r\n                        \r\n\r\n\r\n            <li class=\"woof_term_156 \" >\r\n                <input type=\"checkbox\"  \r\n\t\t\t\t\t   id=\"woof_156_69d160cd94beb\" \r\n\t\t\t\t\t   class=\"woof_checkbox_term woof_checkbox_term_156\" \r\n\t\t\t\t\t   data-tax=\"pa_kisi-sayisi-kategori\" \r\n\t\t\t\t\t   name=\"13-24-en\" \r\n\t\t\t\t\t   data-term-id=\"156\" \r\n\t\t\t\t\t   value=\"156\"  \/>\r\n                <label   class=\"woof_checkbox_label \" for=\"woof_156_69d160cd94beb\">13-24<\/label>\r\n                            <input type=\"hidden\" value=\"13-24\" data-anchor=\"woof_n_pa_kisi-sayisi-kategori_13-24-en\" \/>\r\n\r\n            <\/li>\r\n\r\n\r\n            \r\n        <\/ul>\r\n                            <\/div>\r\n                            \r\n                                    <input type=\"hidden\" name=\"woof_t_pa_kisi-sayisi-kategori\" value=\"Product Ki\u015fi Say\u0131s\u0131 Kategori\" \/><!-- for red button search nav panel -->\r\n                            <\/div>\r\n        <\/div>\r\n                <div data-css-class=\"woof_container_product_cat\" class=\"woof_container woof_container_radio woof_container_product_cat woof_container_3 woof_container_tekneler  woof_fs_product_cat \">\r\n            <div class=\"woof_container_overlay_item\"><\/div>\r\n            <div class=\"woof_container_inner woof_container_inner_tekneler\">\r\n                                                <h4>\r\n                                Tekneler                                                                                                <\/h4>\r\n                                \r\n                            <div class=\"woof_block_html_items\" >\r\n\r\n                                \n\n<ul class=\"woof_list woof_list_radio\">\n                                            <li class=\"woof_term_162 \">\n                <input type=\"radio\"  id=\"woof_162_69d160cd94d58\" \n\t\t\t\t\t   class=\"woof_radio_term woof_radio_term_162\" \n\t\t\t\t\t   data-slug=\"de-luxury-gulets\" \n\t\t\t\t\t   data-term-id=\"162\" \n\t\t\t\t\t   name=\"product_cat\" \n\t\t\t\t\t   value=\"162\"  \/>\n                <label   class=\"woof_radio_label \" for=\"woof_162_69d160cd94d58\">De Luxury Gulets<\/label>\n\n                <a rel=\"nofollow\" href=\"#\" data-name=\"product_cat\" data-term-id=\"162\" style=\"display: none;\" class=\"woof_radio_term_reset   woof_radio_term_reset_162\">\n                    <img decoding=\"async\" data-src=\"https:\/\/lisayachting.com.tr\/wp-content\/plugins\/woocommerce-products-filter\/img\/delete.png\" height=\"12\" width=\"12\" alt=\"Delete\" src=\"data:image\/svg+xml;base64,PHN2ZyB3aWR0aD0iMSIgaGVpZ2h0PSIxIiB4bWxucz0iaHR0cDovL3d3dy53My5vcmcvMjAwMC9zdmciPjwvc3ZnPg==\" class=\"lazyload\" style=\"--smush-placeholder-width: 12px; --smush-placeholder-aspect-ratio: 12\/12;\" \/>\n                <\/a>\n\n                            <input type=\"hidden\" value=\"De Luxury Gulets\" data-anchor=\"woof_n_product_cat_de-luxury-gulets\" \/>\n\n            <\/li>\n                                    <li class=\"woof_term_132 \">\n                <input type=\"radio\"  id=\"woof_132_69d160cd94d77\" \n\t\t\t\t\t   class=\"woof_radio_term woof_radio_term_132\" \n\t\t\t\t\t   data-slug=\"gulet-en\" \n\t\t\t\t\t   data-term-id=\"132\" \n\t\t\t\t\t   name=\"product_cat\" \n\t\t\t\t\t   value=\"132\"  \/>\n                <label   class=\"woof_radio_label \" for=\"woof_132_69d160cd94d77\">Gulet<\/label>\n\n                <a rel=\"nofollow\" href=\"#\" data-name=\"product_cat\" data-term-id=\"132\" style=\"display: none;\" class=\"woof_radio_term_reset   woof_radio_term_reset_132\">\n                    <img decoding=\"async\" data-src=\"https:\/\/lisayachting.com.tr\/wp-content\/plugins\/woocommerce-products-filter\/img\/delete.png\" height=\"12\" width=\"12\" alt=\"Delete\" src=\"data:image\/svg+xml;base64,PHN2ZyB3aWR0aD0iMSIgaGVpZ2h0PSIxIiB4bWxucz0iaHR0cDovL3d3dy53My5vcmcvMjAwMC9zdmciPjwvc3ZnPg==\" class=\"lazyload\" style=\"--smush-placeholder-width: 12px; --smush-placeholder-aspect-ratio: 12\/12;\" \/>\n                <\/a>\n\n                            <input type=\"hidden\" value=\"Gulet\" data-anchor=\"woof_n_product_cat_gulet-en\" \/>\n\n            <\/li>\n                                    <li class=\"woof_term_158 \">\n                <input type=\"radio\"  id=\"woof_158_69d160cd94d8b\" \n\t\t\t\t\t   class=\"woof_radio_term woof_radio_term_158\" \n\t\t\t\t\t   data-slug=\"motoryat-en\" \n\t\t\t\t\t   data-term-id=\"158\" \n\t\t\t\t\t   name=\"product_cat\" \n\t\t\t\t\t   value=\"158\"  \/>\n                <label   class=\"woof_radio_label \" for=\"woof_158_69d160cd94d8b\">Motoryat<\/label>\n\n                <a rel=\"nofollow\" href=\"#\" data-name=\"product_cat\" data-term-id=\"158\" style=\"display: none;\" class=\"woof_radio_term_reset   woof_radio_term_reset_158\">\n                    <img decoding=\"async\" data-src=\"https:\/\/lisayachting.com.tr\/wp-content\/plugins\/woocommerce-products-filter\/img\/delete.png\" height=\"12\" width=\"12\" alt=\"Delete\" src=\"data:image\/svg+xml;base64,PHN2ZyB3aWR0aD0iMSIgaGVpZ2h0PSIxIiB4bWxucz0iaHR0cDovL3d3dy53My5vcmcvMjAwMC9zdmciPjwvc3ZnPg==\" class=\"lazyload\" style=\"--smush-placeholder-width: 12px; --smush-placeholder-aspect-ratio: 12\/12;\" \/>\n                <\/a>\n\n                            <input type=\"hidden\" value=\"Motoryat\" data-anchor=\"woof_n_product_cat_motoryat-en\" \/>\n\n            <\/li>\n                                    <li class=\"woof_term_150 \">\n                <input type=\"radio\"  id=\"woof_150_69d160cd94d9c\" \n\t\t\t\t\t   class=\"woof_radio_term woof_radio_term_150\" \n\t\t\t\t\t   data-slug=\"yelkenli-en\" \n\t\t\t\t\t   data-term-id=\"150\" \n\t\t\t\t\t   name=\"product_cat\" \n\t\t\t\t\t   value=\"150\"  \/>\n                <label   class=\"woof_radio_label \" for=\"woof_150_69d160cd94d9c\">Yelkenli<\/label>\n\n                <a rel=\"nofollow\" href=\"#\" data-name=\"product_cat\" data-term-id=\"150\" style=\"display: none;\" class=\"woof_radio_term_reset   woof_radio_term_reset_150\">\n                    <img decoding=\"async\" data-src=\"https:\/\/lisayachting.com.tr\/wp-content\/plugins\/woocommerce-products-filter\/img\/delete.png\" height=\"12\" width=\"12\" alt=\"Delete\" src=\"data:image\/svg+xml;base64,PHN2ZyB3aWR0aD0iMSIgaGVpZ2h0PSIxIiB4bWxucz0iaHR0cDovL3d3dy53My5vcmcvMjAwMC9zdmciPjwvc3ZnPg==\" class=\"lazyload\" style=\"--smush-placeholder-width: 12px; --smush-placeholder-aspect-ratio: 12\/12;\" \/>\n                <\/a>\n\n                            <input type=\"hidden\" value=\"Yelkenli\" data-anchor=\"woof_n_product_cat_yelkenli-en\" \/>\n\n            <\/li>\n            \n        <\/ul>\n            \r\n                            <\/div>\r\n                            \r\n                                    <input type=\"hidden\" name=\"woof_t_product_cat\" value=\"Product categories\" \/><!-- for red button search nav panel -->\r\n                            <\/div>\r\n        <\/div>\r\n        \r\n\r\n                                <div class=\"woof_submit_search_form_container\"><\/div>\r\n        \r\n                                    <\/div>\r\n\r\n            <\/div>\r\n\r\n\r\n\r\n            \n\t\t\t\t\t\t\t\t<\/div>\n\t\t\t\t<\/div>\n\t\t\t\t\t<\/div>\n\t\t<\/div>\n\t\t\t\t<div class=\"elementor-column elementor-col-66 elementor-top-column elementor-element elementor-element-763292b\" data-id=\"763292b\" data-element_type=\"column\">\n\t\t\t<div class=\"elementor-widget-wrap elementor-element-populated\">\n\t\t\t\t\t\t\t<\/div>\n\t\t<\/div>\n\t\t\t\t\t<\/div>\n\t\t<\/section>\n\t\t\t\t<\/div>\n\t\t","protected":false},"excerpt":{"rendered":"","protected":false},"author":1,"featured_media":0,"parent":0,"menu_order":0,"comment_status":"closed","ping_status":"closed","template":"tpl-default-elementor.php","meta":{"_acf_changed":false,"footnotes":""},"class_list":["post-5001","page","type-page","status-publish","hentry"],"acf":[],"aioseo_notices":[],"_links":{"self":[{"href":"https:\/\/lisayachting.com.tr\/en\/wp-json\/wp\/v2\/pages\/5001","targetHints":{"allow":["GET"]}}],"collection":[{"href":"https:\/\/lisayachting.com.tr\/en\/wp-json\/wp\/v2\/pages"}],"about":[{"href":"https:\/\/lisayachting.com.tr\/en\/wp-json\/wp\/v2\/types\/page"}],"author":[{"embeddable":true,"href":"https:\/\/lisayachting.com.tr\/en\/wp-json\/wp\/v2\/users\/1"}],"replies":[{"embeddable":true,"href":"https:\/\/lisayachting.com.tr\/en\/wp-json\/wp\/v2\/comments?post=5001"}],"version-history":[{"count":1,"href":"https:\/\/lisayachting.com.tr\/en\/wp-json\/wp\/v2\/pages\/5001\/revisions"}],"predecessor-version":[{"id":5002,"href":"https:\/\/lisayachting.com.tr\/en\/wp-json\/wp\/v2\/pages\/5001\/revisions\/5002"}],"wp:attachment":[{"href":"https:\/\/lisayachting.com.tr\/en\/wp-json\/wp\/v2\/media?parent=5001"}],"curies":[{"name":"wp","href":"https:\/\/api.w.org\/{rel}","templated":true}]}}